{"id":1970,"date":"2016-09-17T01:22:28","date_gmt":"2016-09-17T01:22:28","guid":{"rendered":"http:\/\/192.168.1.19\/cleversoft\/ri-explorer\/?page_id=1970"},"modified":"2017-12-22T01:55:41","modified_gmt":"2017-12-21T22:55:41","slug":"iletisim","status":"publish","type":"page","link":"https:\/\/kuzeyraspaboya.com\/index.php\/iletisim\/","title":{"rendered":"\u0130leti\u015fim"},"content":{"rendered":"<p>[vc_row full_width=&#8221;stretch_row_content_no_spaces&#8221; css=&#8221;.vc_custom_1474085024949{margin-top: -50px !important;}&#8221;][vc_column]<div id=\"rit-map-2083913704\" class=\"rit-map \" style=\"height: 405px\" data-id=\"rit-map-2083913704\" data-zoom=\"12\" data-latitude1=\"40.844111\" data-latitude2=\"29.2949263\" data-scroll=\"false\" data-marker=\"https:\/\/kuzeyraspaboya.com\/wp-content\/uploads\/2016\/09\/icon_map.png\" data-title=\"Kuzey Raspa Boya San.Tic.Ltd.\u015eti.\" data-style='[{&quot;featureType&quot;:&quot;landscape.man_made&quot;,&quot;elementType&quot;:&quot;geometry&quot;,&quot;stylers&quot;:[{&quot;color&quot;:&quot;#f7f1df&quot;}]},{&quot;featureType&quot;:&quot;landscape.natural&quot;,&quot;elementType&quot;:&quot;geometry&quot;,&quot;stylers&quot;:[{&quot;color&quot;:&quot;#d0e3b4&quot;}]},{&quot;featureType&quot;:&quot;landscape.natural.terrain&quot;,&quot;elementType&quot;:&quot;geometry&quot;,&quot;stylers&quot;:[{&quot;visibility&quot;:&quot;off&quot;}]},{&quot;featureType&quot;:&quot;poi&quot;,&quot;elementType&quot;:&quot;labels&quot;,&quot;stylers&quot;:[{&quot;visibility&quot;:&quot;off&quot;}]},{&quot;featureType&quot;:&quot;poi.business&quot;,&quot;elementType&quot;:&quot;all&quot;,&quot;stylers&quot;:[{&quot;visibility&quot;:&quot;off&quot;}]},{&quot;featureType&quot;:&quot;poi.medical&quot;,&quot;elementType&quot;:&quot;geometry&quot;,&quot;stylers&quot;:[{&quot;color&quot;:&quot;#fbd3da&quot;}]},{&quot;featureType&quot;:&quot;poi.park&quot;,&quot;elementType&quot;:&quot;geometry&quot;,&quot;stylers&quot;:[{&quot;color&quot;:&quot;#bde6ab&quot;}]},{&quot;featureType&quot;:&quot;road&quot;,&quot;elementType&quot;:&quot;geometry.stroke&quot;,&quot;stylers&quot;:[{&quot;visibility&quot;:&quot;off&quot;}]},{&quot;featureType&quot;:&quot;road&quot;,&quot;elementType&quot;:&quot;labels&quot;,&quot;stylers&quot;:[{&quot;visibility&quot;:&quot;off&quot;}]},{&quot;featureType&quot;:&quot;road.highway&quot;,&quot;elementType&quot;:&quot;geometry.fill&quot;,&quot;stylers&quot;:[{&quot;color&quot;:&quot;#ffe15f&quot;}]},{&quot;featureType&quot;:&quot;road.highway&quot;,&quot;elementType&quot;:&quot;geometry.stroke&quot;,&quot;stylers&quot;:[{&quot;color&quot;:&quot;#efd151&quot;}]},{&quot;featureType&quot;:&quot;road.arterial&quot;,&quot;elementType&quot;:&quot;geometry.fill&quot;,&quot;stylers&quot;:[{&quot;color&quot;:&quot;#ffffff&quot;}]},{&quot;featureType&quot;:&quot;road.local&quot;,&quot;elementType&quot;:&quot;geometry.fill&quot;,&quot;stylers&quot;:[{&quot;color&quot;:&quot;black&quot;}]},{&quot;featureType&quot;:&quot;transit.station.airport&quot;,&quot;elementType&quot;:&quot;geometry.fill&quot;,&quot;stylers&quot;:[{&quot;color&quot;:&quot;#cfb2db&quot;}]},{&quot;featureType&quot;:&quot;water&quot;,&quot;elementType&quot;:&quot;geometry&quot;,&quot;stylers&quot;:[{&quot;color&quot;:&quot;#a2daf2&quot;}]}]'><\/div>\r\n\r\n[\/vc_column][\/vc_row][vc_row el_class=&#8221;main-contact&#8221; css=&#8221;.vc_custom_1474852547464{margin-top: 45px !important;margin-bottom: 68px !important;}&#8221;][vc_column width=&#8221;1\/3&#8243;][vc_column_text]<\/p>\n<div class=\"block-row\">\n<h4>Adres<\/h4>\n<h5>Kuzey Raspa Boya San. Tic. Ltd. \u015eti.<\/h5>\n<p><strong>Adres:<\/strong>\u00a0Evliya \u00c7elebi Mah. Gen\u00e7 Osman Cad. \u00d6zen Sk. No: 2\/3 Tuzla-\u0130stanbul<br \/>\n<strong>Tel:<\/strong>\u00a0+90 0216 395 02 61<\/p>\n<p><strong>Fax:<\/strong>\u00a0+90 0216 395 02 62<br \/>\n<strong>Web:<\/strong>\u00a0<a href=\"http:\/\/www.kuzeyrasboya.com\">http:\/\/www.kuzeyraspaboya.com<\/a><br \/>\n<strong>E-Mail:<\/strong>\u00a0\u00a0<a href=\"mailto:info@kuzeyraspaboya.com\">info@kuzeyraspaboya.com<\/a><\/p>\n<\/div>\n<div class=\"block-row opening-hours\"><\/div>\n<p>[\/vc_column_text][\/vc_column][vc_column width=&#8221;2\/3&#8243;][vc_column_text]<\/p>\n<h3 class=\"block-title align-left\">Bize Ula\u015f\u0131n<\/h3>\n<p>Sizlere daha kaliteli bir hizmet sunabilmek i\u00e7in te\u015fekk\u00fcr, ele\u015ftiri\u00a0 ve \u00f6nerilerinizi\u00a0bizimle payla\u015f\u0131n.Her bir yaz\u0131n\u0131z titizlikle incelenerek, sizlere daha iyi hizmet sunmak i\u00e7in s\u00fcrd\u00fcrd\u00fc\u011f\u00fcm\u00fcz \u00e7al\u0131\u015fmalarda bizlere \u0131\u015f\u0131k tutacakt\u0131r.[\/vc_column_text][vc_column_text]<\/p>\n<h3 class=\"block-title align-left\">Bize Yaz\u0131n<\/h3>\n<p>[\/vc_column_text]<div role=\"form\" class=\"wpcf7\" id=\"wpcf7-f1696-o1\" lang=\"en-US\" dir=\"ltr\">\n<div class=\"screen-reader-response\"><p role=\"status\" aria-live=\"polite\" aria-atomic=\"true\"><\/p> <ul><\/ul><\/div>\n<form action=\"\/index.php\/wp-json\/wp\/v2\/pages\/1970#wpcf7-f1696-o1\" method=\"post\" class=\"wpcf7-form init\" novalidate=\"novalidate\" data-status=\"init\">\n<div style=\"display: none;\">\n<input type=\"hidden\" name=\"_wpcf7\" value=\"1696\" \/>\n<input type=\"hidden\" name=\"_wpcf7_version\" value=\"5.5.5\" \/>\n<input type=\"hidden\" name=\"_wpcf7_locale\" value=\"en_US\" \/>\n<input type=\"hidden\" name=\"_wpcf7_unit_tag\" value=\"wpcf7-f1696-o1\" \/>\n<input type=\"hidden\" name=\"_wpcf7_container_post\" value=\"0\" \/>\n<input type=\"hidden\" name=\"_wpcf7_posted_data_hash\" value=\"\" \/>\n<\/div>\n<p><span class=\"wpcf7-form-control-wrap your-message\"><textarea name=\"your-message\" cols=\"40\" rows=\"10\" class=\"wpcf7-form-control wpcf7-textarea\" aria-invalid=\"false\" placeholder=\"Message\"><\/textarea><\/span><\/p>\n<p><span class=\"wpcf7-form-control-wrap your-name\"><input type=\"text\" name=\"your-name\" value=\"\" size=\"40\" class=\"wpcf7-form-control wpcf7-text wpcf7-validates-as-required\" aria-required=\"true\" aria-invalid=\"false\" placeholder=\"Your Name*\" \/><\/span><\/p>\n<p><span class=\"wpcf7-form-control-wrap your-email\"><input type=\"email\" name=\"your-email\" value=\"\" size=\"40\" class=\"wpcf7-form-control wpcf7-text wpcf7-email wpcf7-validates-as-required wpcf7-validates-as-email\" aria-required=\"true\" aria-invalid=\"false\" placeholder=\"Email*\" \/><\/span><\/p>\n<p><span class=\"wpcf7-form-control-wrap your-subject\"><input type=\"text\" name=\"your-subject\" value=\"\" size=\"40\" class=\"wpcf7-form-control wpcf7-text\" aria-invalid=\"false\" placeholder=\"Subject\" \/><\/span><\/p>\n<p><input type=\"submit\" value=\"Send message\" class=\"wpcf7-form-control has-spinner wpcf7-submit\" \/><\/p>\n<div class=\"wpcf7-response-output\" aria-hidden=\"true\"><\/div><\/form><\/div>[\/vc_column][\/vc_row]<\/p>\n","protected":false},"excerpt":{"rendered":"<p>[vc_row full_width=&#8221;stretch_row_content_no_spaces&#8221; css=&#8221;.vc_custom_1474085024949{margin-top: -50px !important;}&#8221;][vc_column][\/vc_column][\/vc_row][vc_row el_class=&#8221;main-contact&#8221; css=&#8221;.vc_custom_1474852547464{margin-top: 45px !important;margin-bottom: 68px !important;}&#8221;][vc_column width=&#8221;1\/3&#8243;][vc_column_text] Adres Kuzey Raspa Boya San. Tic. Ltd. \u015eti&#8230;.<\/p>\n","protected":false},"author":1,"featured_media":0,"parent":0,"menu_order":0,"comment_status":"closed","ping_status":"closed","template":"","meta":[],"yoast_head":"<!-- This site is optimized with the Yoast SEO plugin v18.2 - https:\/\/yoast.com\/wordpress\/plugins\/seo\/ -->\n<title>\u0130leti\u015fim -<\/title>\n<meta name=\"robots\" content=\"index, follow, max-snippet:-1, max-image-preview:large, max-video-preview:-1\" \/>\n<link rel=\"canonical\" href=\"https:\/\/kuzeyraspaboya.com\/index.php\/iletisim\/\" \/>\n<meta property=\"og:locale\" content=\"tr_TR\" \/>\n<meta property=\"og:type\" content=\"article\" \/>\n<meta property=\"og:title\" content=\"\u0130leti\u015fim -\" \/>\n<meta property=\"og:description\" content=\"[vc_row full_width=&#8221;stretch_row_content_no_spaces&#8221; css=&#8221;.vc_custom_1474085024949{margin-top: -50px !important;}&#8221;][vc_column][\/vc_column][\/vc_row][vc_row el_class=&#8221;main-contact&#8221; css=&#8221;.vc_custom_1474852547464{margin-top: 45px !important;margin-bottom: 68px !important;}&#8221;][vc_column width=&#8221;1\/3&#8243;][vc_column_text] Adres Kuzey Raspa Boya San. Tic. Ltd. \u015eti....\" \/>\n<meta property=\"og:url\" content=\"https:\/\/kuzeyraspaboya.com\/index.php\/iletisim\/\" \/>\n<meta property=\"article:modified_time\" content=\"2017-12-21T22:55:41+00:00\" \/>\n<meta name=\"twitter:card\" content=\"summary_large_image\" \/>\n<meta name=\"twitter:label1\" content=\"Tahmini okuma s\u00fcresi\" \/>\n\t<meta name=\"twitter:data1\" content=\"1 dakika\" \/>\n<script type=\"application\/ld+json\" class=\"yoast-schema-graph\">{\"@context\":\"https:\/\/schema.org\",\"@graph\":[{\"@type\":\"WebSite\",\"@id\":\"https:\/\/kuzeyraspaboya.com\/#website\",\"url\":\"https:\/\/kuzeyraspaboya.com\/\",\"name\":\"\",\"description\":\"Gemi |Raspa | Boya |\",\"potentialAction\":[{\"@type\":\"SearchAction\",\"target\":{\"@type\":\"EntryPoint\",\"urlTemplate\":\"https:\/\/kuzeyraspaboya.com\/?s={search_term_string}\"},\"query-input\":\"required name=search_term_string\"}],\"inLanguage\":\"tr\"},{\"@type\":\"WebPage\",\"@id\":\"https:\/\/kuzeyraspaboya.com\/index.php\/iletisim\/#webpage\",\"url\":\"https:\/\/kuzeyraspaboya.com\/index.php\/iletisim\/\",\"name\":\"\u0130leti\u015fim -\",\"isPartOf\":{\"@id\":\"https:\/\/kuzeyraspaboya.com\/#website\"},\"datePublished\":\"2016-09-17T01:22:28+00:00\",\"dateModified\":\"2017-12-21T22:55:41+00:00\",\"breadcrumb\":{\"@id\":\"https:\/\/kuzeyraspaboya.com\/index.php\/iletisim\/#breadcrumb\"},\"inLanguage\":\"tr\",\"potentialAction\":[{\"@type\":\"ReadAction\",\"target\":[\"https:\/\/kuzeyraspaboya.com\/index.php\/iletisim\/\"]}]},{\"@type\":\"BreadcrumbList\",\"@id\":\"https:\/\/kuzeyraspaboya.com\/index.php\/iletisim\/#breadcrumb\",\"itemListElement\":[{\"@type\":\"ListItem\",\"position\":1,\"name\":\"Anasayfa\",\"item\":\"https:\/\/kuzeyraspaboya.com\/\"},{\"@type\":\"ListItem\",\"position\":2,\"name\":\"\u0130leti\u015fim\"}]}]}<\/script>\n<!-- \/ Yoast SEO plugin. -->","yoast_head_json":{"title":"\u0130leti\u015fim -","robots":{"index":"index","follow":"follow","max-snippet":"max-snippet:-1","max-image-preview":"max-image-preview:large","max-video-preview":"max-video-preview:-1"},"canonical":"https:\/\/kuzeyraspaboya.com\/index.php\/iletisim\/","og_locale":"tr_TR","og_type":"article","og_title":"\u0130leti\u015fim -","og_description":"[vc_row full_width=&#8221;stretch_row_content_no_spaces&#8221; css=&#8221;.vc_custom_1474085024949{margin-top: -50px !important;}&#8221;][vc_column][\/vc_column][\/vc_row][vc_row el_class=&#8221;main-contact&#8221; css=&#8221;.vc_custom_1474852547464{margin-top: 45px !important;margin-bottom: 68px !important;}&#8221;][vc_column width=&#8221;1\/3&#8243;][vc_column_text] Adres Kuzey Raspa Boya San. Tic. Ltd. \u015eti....","og_url":"https:\/\/kuzeyraspaboya.com\/index.php\/iletisim\/","article_modified_time":"2017-12-21T22:55:41+00:00","twitter_card":"summary_large_image","twitter_misc":{"Tahmini okuma s\u00fcresi":"1 dakika"},"schema":{"@context":"https:\/\/schema.org","@graph":[{"@type":"WebSite","@id":"https:\/\/kuzeyraspaboya.com\/#website","url":"https:\/\/kuzeyraspaboya.com\/","name":"","description":"Gemi |Raspa | Boya |","potentialAction":[{"@type":"SearchAction","target":{"@type":"EntryPoint","urlTemplate":"https:\/\/kuzeyraspaboya.com\/?s={search_term_string}"},"query-input":"required name=search_term_string"}],"inLanguage":"tr"},{"@type":"WebPage","@id":"https:\/\/kuzeyraspaboya.com\/index.php\/iletisim\/#webpage","url":"https:\/\/kuzeyraspaboya.com\/index.php\/iletisim\/","name":"\u0130leti\u015fim -","isPartOf":{"@id":"https:\/\/kuzeyraspaboya.com\/#website"},"datePublished":"2016-09-17T01:22:28+00:00","dateModified":"2017-12-21T22:55:41+00:00","breadcrumb":{"@id":"https:\/\/kuzeyraspaboya.com\/index.php\/iletisim\/#breadcrumb"},"inLanguage":"tr","potentialAction":[{"@type":"ReadAction","target":["https:\/\/kuzeyraspaboya.com\/index.php\/iletisim\/"]}]},{"@type":"BreadcrumbList","@id":"https:\/\/kuzeyraspaboya.com\/index.php\/iletisim\/#breadcrumb","itemListElement":[{"@type":"ListItem","position":1,"name":"Anasayfa","item":"https:\/\/kuzeyraspaboya.com\/"},{"@type":"ListItem","position":2,"name":"\u0130leti\u015fim"}]}]}},"_links":{"self":[{"href":"https:\/\/kuzeyraspaboya.com\/index.php\/wp-json\/wp\/v2\/pages\/1970"}],"collection":[{"href":"https:\/\/kuzeyraspaboya.com\/index.php\/wp-json\/wp\/v2\/pages"}],"about":[{"href":"https:\/\/kuzeyraspaboya.com\/index.php\/wp-json\/wp\/v2\/types\/page"}],"author":[{"embeddable":true,"href":"https:\/\/kuzeyraspaboya.com\/index.php\/wp-json\/wp\/v2\/users\/1"}],"replies":[{"embeddable":true,"href":"https:\/\/kuzeyraspaboya.com\/index.php\/wp-json\/wp\/v2\/comments?post=1970"}],"version-history":[{"count":4,"href":"https:\/\/kuzeyraspaboya.com\/index.php\/wp-json\/wp\/v2\/pages\/1970\/revisions"}],"predecessor-version":[{"id":2487,"href":"https:\/\/kuzeyraspaboya.com\/index.php\/wp-json\/wp\/v2\/pages\/1970\/revisions\/2487"}],"wp:attachment":[{"href":"https:\/\/kuzeyraspaboya.com\/index.php\/wp-json\/wp\/v2\/media?parent=1970"}],"curies":[{"name":"wp","href":"https:\/\/api.w.org\/{rel}","templated":true}]}}