{"id":2477,"date":"2017-12-22T01:44:53","date_gmt":"2017-12-21T22:44:53","guid":{"rendered":"http:\/\/kuzeyraspaboya.com\/?page_id=2477"},"modified":"2017-12-22T01:44:53","modified_gmt":"2017-12-21T22:44:53","slug":"hakkimizda","status":"publish","type":"page","link":"https:\/\/kuzeyraspaboya.com\/index.php\/hakkimizda\/","title":{"rendered":"Hakk\u0131m\u0131zda"},"content":{"rendered":"<p>[vc_row][vc_column width=&#8221;1\/6&#8243;][\/vc_column][vc_column width=&#8221;2\/3&#8243;][vc_column_text]<strong>Hakk\u0131m\u0131zda<\/strong><\/p>\n<ul>\n<li>1990 y\u0131l\u0131nda denizcilik sekt\u00f6r\u00fcyle tan\u0131\u015fan ve bu sekt\u00f6rde ge\u00e7mi\u015finden ald\u0131\u011f\u0131 bilgi ve birikim ile gelece\u011fe yat\u0131r\u0131m yapan, hizmet odakl\u0131 b\u00fcy\u00fcmeyi kendisine prensip edinen, g\u00fc\u00e7l\u00fc makine park\u0131 ve i\u015fg\u00fcc\u00fc ile sekt\u00f6r\u00fcn \u00f6nemli oyuncular\u0131ndan birisidir.Kuzey Raspa Boya, gen\u00e7 ancak referanslar\u0131 kuvvetli dinamik bir firmad\u0131r. Faaliyet alan\u0131; partner firmalar\u0131 ile beraber y\u00fcr\u00fctt\u00fc\u011f\u00fc her t\u00fcrl\u00fc yeni gemi in\u015fas\u0131 ve gemi tamiri, her t\u00fcrl\u00fc gemi, r\u00f6mork\u00f6r ve fabrika imalat\u0131 boru ve sa\u00e7 aksam\u0131n\u0131n raspa, boya, y\u0131kama ve temizlik uygulamas\u0131d\u0131r.Tecr\u00fcbeli ekibi ile merkezine kalite, i\u015f g\u00fcvenli\u011fi ve \u00e7evre sa\u011fl\u0131\u011f\u0131n\u0131 koyan, ilkeli \u00e7al\u0131\u015fmalar\u0131 ile k\u0131sa zamanda \u00f6nemli projelerin alt\u0131na imzas\u0131n\u0131 atan bir firma pozisyonuna gelmi\u015ftir. Faaliyet g\u00f6sterdi\u011fi alanlarda birlikte \u00fcretmenin gereklili\u011fine olan inanc\u0131yla hem kendi ekibi hem de partner firmalar\u0131 ile her t\u00fcrl\u00fc projede g\u00fcven dolu bir ekip \u00e7al\u0131\u015fmas\u0131 sergilemektedir. B\u00fcy\u00fck firmalar ile i\u015f ili\u015fkisinde bulunmu\u015f ve bulunmaya devam etmekte olan firmam\u0131z gelece\u011fe d\u00f6n\u00fck projelerde yerini alm\u0131\u015ft\u0131r.\u0130nsana ve \u00fcretime sayg\u0131l\u0131 yap\u0131s\u0131 ile gelece\u011fe g\u00fcvenle bakabilmenin mutlulu\u011funu ya\u015famaktad\u0131r.<\/li>\n<\/ul>\n<p>[\/vc_column_text][\/vc_column][vc_column width=&#8221;1\/6&#8243;][\/vc_column][\/vc_row]<\/p>\n","protected":false},"excerpt":{"rendered":"<p>[vc_row][vc_column width=&#8221;1\/6&#8243;][\/vc_column][vc_column width=&#8221;2\/3&#8243;][vc_column_text]Hakk\u0131m\u0131zda 1990 y\u0131l\u0131nda denizcilik sekt\u00f6r\u00fcyle tan\u0131\u015fan ve bu sekt\u00f6rde ge\u00e7mi\u015finden ald\u0131\u011f\u0131 bilgi ve birikim ile gelece\u011fe yat\u0131r\u0131m yapan,&#8230;<\/p>\n","protected":false},"author":1,"featured_media":0,"parent":0,"menu_order":0,"comment_status":"closed","ping_status":"closed","template":"","meta":[],"yoast_head":"<!-- This site is optimized with the Yoast SEO plugin v18.2 - https:\/\/yoast.com\/wordpress\/plugins\/seo\/ -->\n<title>Hakk\u0131m\u0131zda -<\/title>\n<meta name=\"robots\" content=\"index, follow, max-snippet:-1, max-image-preview:large, max-video-preview:-1\" \/>\n<link rel=\"canonical\" href=\"https:\/\/kuzeyraspaboya.com\/index.php\/hakkimizda\/\" \/>\n<meta property=\"og:locale\" content=\"tr_TR\" \/>\n<meta property=\"og:type\" content=\"article\" \/>\n<meta property=\"og:title\" content=\"Hakk\u0131m\u0131zda -\" \/>\n<meta property=\"og:description\" content=\"[vc_row][vc_column width=&#8221;1\/6&#8243;][\/vc_column][vc_column width=&#8221;2\/3&#8243;][vc_column_text]Hakk\u0131m\u0131zda 1990 y\u0131l\u0131nda denizcilik sekt\u00f6r\u00fcyle tan\u0131\u015fan ve bu sekt\u00f6rde ge\u00e7mi\u015finden ald\u0131\u011f\u0131 bilgi ve birikim ile gelece\u011fe yat\u0131r\u0131m yapan,...\" \/>\n<meta property=\"og:url\" content=\"https:\/\/kuzeyraspaboya.com\/index.php\/hakkimizda\/\" \/>\n<meta name=\"twitter:card\" content=\"summary_large_image\" \/>\n<meta name=\"twitter:label1\" content=\"Tahmini okuma s\u00fcresi\" \/>\n\t<meta name=\"twitter:data1\" content=\"1 dakika\" \/>\n<script type=\"application\/ld+json\" class=\"yoast-schema-graph\">{\"@context\":\"https:\/\/schema.org\",\"@graph\":[{\"@type\":\"WebSite\",\"@id\":\"https:\/\/kuzeyraspaboya.com\/#website\",\"url\":\"https:\/\/kuzeyraspaboya.com\/\",\"name\":\"\",\"description\":\"Gemi |Raspa | Boya |\",\"potentialAction\":[{\"@type\":\"SearchAction\",\"target\":{\"@type\":\"EntryPoint\",\"urlTemplate\":\"https:\/\/kuzeyraspaboya.com\/?s={search_term_string}\"},\"query-input\":\"required name=search_term_string\"}],\"inLanguage\":\"tr\"},{\"@type\":\"WebPage\",\"@id\":\"https:\/\/kuzeyraspaboya.com\/index.php\/hakkimizda\/#webpage\",\"url\":\"https:\/\/kuzeyraspaboya.com\/index.php\/hakkimizda\/\",\"name\":\"Hakk\u0131m\u0131zda -\",\"isPartOf\":{\"@id\":\"https:\/\/kuzeyraspaboya.com\/#website\"},\"datePublished\":\"2017-12-21T22:44:53+00:00\",\"dateModified\":\"2017-12-21T22:44:53+00:00\",\"breadcrumb\":{\"@id\":\"https:\/\/kuzeyraspaboya.com\/index.php\/hakkimizda\/#breadcrumb\"},\"inLanguage\":\"tr\",\"potentialAction\":[{\"@type\":\"ReadAction\",\"target\":[\"https:\/\/kuzeyraspaboya.com\/index.php\/hakkimizda\/\"]}]},{\"@type\":\"BreadcrumbList\",\"@id\":\"https:\/\/kuzeyraspaboya.com\/index.php\/hakkimizda\/#breadcrumb\",\"itemListElement\":[{\"@type\":\"ListItem\",\"position\":1,\"name\":\"Anasayfa\",\"item\":\"https:\/\/kuzeyraspaboya.com\/\"},{\"@type\":\"ListItem\",\"position\":2,\"name\":\"Hakk\u0131m\u0131zda\"}]}]}<\/script>\n<!-- \/ Yoast SEO plugin. -->","yoast_head_json":{"title":"Hakk\u0131m\u0131zda -","robots":{"index":"index","follow":"follow","max-snippet":"max-snippet:-1","max-image-preview":"max-image-preview:large","max-video-preview":"max-video-preview:-1"},"canonical":"https:\/\/kuzeyraspaboya.com\/index.php\/hakkimizda\/","og_locale":"tr_TR","og_type":"article","og_title":"Hakk\u0131m\u0131zda -","og_description":"[vc_row][vc_column width=&#8221;1\/6&#8243;][\/vc_column][vc_column width=&#8221;2\/3&#8243;][vc_column_text]Hakk\u0131m\u0131zda 1990 y\u0131l\u0131nda denizcilik sekt\u00f6r\u00fcyle tan\u0131\u015fan ve bu sekt\u00f6rde ge\u00e7mi\u015finden ald\u0131\u011f\u0131 bilgi ve birikim ile gelece\u011fe yat\u0131r\u0131m yapan,...","og_url":"https:\/\/kuzeyraspaboya.com\/index.php\/hakkimizda\/","twitter_card":"summary_large_image","twitter_misc":{"Tahmini okuma s\u00fcresi":"1 dakika"},"schema":{"@context":"https:\/\/schema.org","@graph":[{"@type":"WebSite","@id":"https:\/\/kuzeyraspaboya.com\/#website","url":"https:\/\/kuzeyraspaboya.com\/","name":"","description":"Gemi |Raspa | Boya |","potentialAction":[{"@type":"SearchAction","target":{"@type":"EntryPoint","urlTemplate":"https:\/\/kuzeyraspaboya.com\/?s={search_term_string}"},"query-input":"required name=search_term_string"}],"inLanguage":"tr"},{"@type":"WebPage","@id":"https:\/\/kuzeyraspaboya.com\/index.php\/hakkimizda\/#webpage","url":"https:\/\/kuzeyraspaboya.com\/index.php\/hakkimizda\/","name":"Hakk\u0131m\u0131zda -","isPartOf":{"@id":"https:\/\/kuzeyraspaboya.com\/#website"},"datePublished":"2017-12-21T22:44:53+00:00","dateModified":"2017-12-21T22:44:53+00:00","breadcrumb":{"@id":"https:\/\/kuzeyraspaboya.com\/index.php\/hakkimizda\/#breadcrumb"},"inLanguage":"tr","potentialAction":[{"@type":"ReadAction","target":["https:\/\/kuzeyraspaboya.com\/index.php\/hakkimizda\/"]}]},{"@type":"BreadcrumbList","@id":"https:\/\/kuzeyraspaboya.com\/index.php\/hakkimizda\/#breadcrumb","itemListElement":[{"@type":"ListItem","position":1,"name":"Anasayfa","item":"https:\/\/kuzeyraspaboya.com\/"},{"@type":"ListItem","position":2,"name":"Hakk\u0131m\u0131zda"}]}]}},"_links":{"self":[{"href":"https:\/\/kuzeyraspaboya.com\/index.php\/wp-json\/wp\/v2\/pages\/2477"}],"collection":[{"href":"https:\/\/kuzeyraspaboya.com\/index.php\/wp-json\/wp\/v2\/pages"}],"about":[{"href":"https:\/\/kuzeyraspaboya.com\/index.php\/wp-json\/wp\/v2\/types\/page"}],"author":[{"embeddable":true,"href":"https:\/\/kuzeyraspaboya.com\/index.php\/wp-json\/wp\/v2\/users\/1"}],"replies":[{"embeddable":true,"href":"https:\/\/kuzeyraspaboya.com\/index.php\/wp-json\/wp\/v2\/comments?post=2477"}],"version-history":[{"count":1,"href":"https:\/\/kuzeyraspaboya.com\/index.php\/wp-json\/wp\/v2\/pages\/2477\/revisions"}],"predecessor-version":[{"id":2478,"href":"https:\/\/kuzeyraspaboya.com\/index.php\/wp-json\/wp\/v2\/pages\/2477\/revisions\/2478"}],"wp:attachment":[{"href":"https:\/\/kuzeyraspaboya.com\/index.php\/wp-json\/wp\/v2\/media?parent=2477"}],"curies":[{"name":"wp","href":"https:\/\/api.w.org\/{rel}","templated":true}]}}